{"id":172,"date":"2025-06-09T15:46:46","date_gmt":"2025-06-09T15:46:46","guid":{"rendered":"http:\/\/maison-boisbio.local\/?page_id=7"},"modified":"2026-01-14T16:55:02","modified_gmt":"2026-01-14T16:55:02","slug":"homepage","status":"publish","type":"page","link":"https:\/\/www.maisonboisetbio.fr\/","title":{"rendered":"Homepage"},"content":{"rendered":"\n<div class=\"wp-block-group has-global-padding is-layout-constrained wp-block-group-is-layout-constrained\">\n<div style=\"height:57px\" aria-hidden=\"true\" class=\"wp-block-spacer\"><\/div>\n\n\n\n<h2 class=\"wp-block-heading has-text-align-center has-medium-font-size\" style=\"letter-spacing:1px\">Votre artisan charpente et isolation sur Royan et ses environs<\/h2>\n\n\n\n<p class=\"has-text-align-center has-text-color has-link-color wp-elements-6352a52110dcd02e6109adcc53ae459a\" style=\"color:#49422a\"><strong>MAISON BOIS &amp; BIO<\/strong> est une entreprise artisanale sp\u00e9cialis\u00e9e dans l\u2019isolation biosourc\u00e9e et les constructions \u00e0 ossature bois, implant\u00e9e dans la r\u00e9gion de Royan (17) et ses environs. Chez MAISON BOIS &amp; BIO, <strong>l\u2019\u00e9coconception n\u2019est pas une tendance, c\u2019est un engagement<\/strong>.<\/p>\n\n\n\n<div class=\"wp-block-buttons is-horizontal is-content-justification-center is-layout-flex wp-container-core-buttons-is-layout-03627597 wp-block-buttons-is-layout-flex\">\n<div class=\"wp-block-button is-style-outline is-style-outline--1\"><a class=\"wp-block-button__link has-small-font-size has-custom-font-size wp-element-button\" href=\"https:\/\/www.maisonboisetbio.fr\/index.php\/about\/\" style=\"border-radius:0px\">A PROPOS<\/a><\/div>\n<\/div>\n\n\n\n<div style=\"height:57px\" aria-hidden=\"true\" class=\"wp-block-spacer\"><\/div>\n<\/div>\n\n\n\n<div id=\"services\" class=\"wp-block-group alignfull pattern_multiple_covers has-background has-global-padding is-layout-constrained wp-block-group-is-layout-constrained\">\n<p class=\"has-text-align-left has-text-color\" style=\"color:#668018;letter-spacing:1px\">TRAVAILLONS ENSEMBLE <\/p>\n\n\n\n<h2 class=\"wp-block-heading has-text-align-left\">Nos prestations<\/h2>\n\n\n\n<p class=\"has-text-align-left has-text-color has-link-color wp-elements-ffe9b6dfd6e1b6a24ad719f67e6b8e3b\" style=\"color:#49422a\">De l\u2019ossature bois \u00e0 l\u2019isolation naturelle, en passant par les extensions ou les r\u00e9novations \u00e9cologiques, nous vous accompagnons dans tous vos projets de construction responsable.<\/p>\n\n\n\n<div style=\"height:46px\" aria-hidden=\"true\" class=\"wp-block-spacer\"><\/div>\n\n\n\n<div class=\"wp-block-columns is-layout-flex wp-container-core-columns-is-layout-28f84493 wp-block-columns-is-layout-flex\">\n<div class=\"wp-block-column is-layout-flow wp-block-column-is-layout-flow\" style=\"padding-top:0;padding-right:0;padding-bottom:0;padding-left:0\">\n<div class=\"wp-block-cover has-custom-content-position is-position-bottom-left wp-duotone-unset-2\" style=\"padding-top:var(--wp--preset--spacing--small);padding-right:var(--wp--preset--spacing--x-small);padding-bottom:var(--wp--preset--spacing--small);padding-left:var(--wp--preset--spacing--x-small)\"><img decoding=\"async\" class=\"wp-block-cover__image-background wp-image-103 size-full\" alt=\"\" src=\"https:\/\/www.maisonboisetbio.fr\/wp-content\/uploads\/2025\/06\/22.png\" data-object-fit=\"cover\"\/><span aria-hidden=\"true\" class=\"wp-block-cover__background has-primary-background-color has-background-dim-70 has-background-dim\"><\/span><div class=\"wp-block-cover__inner-container is-layout-flow wp-block-cover-is-layout-flow\">\n<h3 class=\"wp-block-heading has-white-color has-text-color has-medium-font-size\" style=\"margin-top:0;margin-right:0;margin-bottom:0;margin-left:0\">Terrasses bois<\/h3>\n\n\n\n<p class=\"has-secondary-color has-text-color has-link-color wp-elements-5e175346dfd3c3eca4d4703c42f468f7\" style=\"margin-top:0;margin-right:0;margin-bottom:0;margin-left:0\"><a href=\"http:\/\/maisonboisetbio.fr\/index.php\/nos-metiers\/\">d\u00e9couvrir plus \u2192<\/a><\/p>\n<\/div><\/div>\n<\/div>\n\n\n\n<div class=\"wp-block-column is-layout-flow wp-block-column-is-layout-flow\" style=\"padding-top:0;padding-right:0;padding-bottom:0;padding-left:0\">\n<div class=\"wp-block-cover has-custom-content-position is-position-bottom-left\" style=\"padding-top:var(--wp--preset--spacing--small);padding-right:var(--wp--preset--spacing--x-small);padding-bottom:var(--wp--preset--spacing--small);padding-left:var(--wp--preset--spacing--x-small)\"><img decoding=\"async\" class=\"wp-block-cover__image-background wp-image-52 size-full\" alt=\"\" src=\"https:\/\/www.maisonboisetbio.fr\/wp-content\/uploads\/2025\/06\/13.png\" data-object-fit=\"cover\"\/><span aria-hidden=\"true\" class=\"wp-block-cover__background has-primary-background-color has-background-dim-70 has-background-dim\"><\/span><div class=\"wp-block-cover__inner-container is-layout-flow wp-block-cover-is-layout-flow\">\n<h3 class=\"wp-block-heading has-white-color has-text-color has-medium-font-size\" style=\"margin-top:0;margin-right:0;margin-bottom:0;margin-left:0\">Sur\u00e9l\u00e9vation<\/h3>\n\n\n\n<p class=\"has-secondary-color has-text-color has-link-color wp-elements-5e175346dfd3c3eca4d4703c42f468f7\" style=\"margin-top:0;margin-right:0;margin-bottom:0;margin-left:0\"><a href=\"http:\/\/maisonboisetbio.fr\/index.php\/nos-metiers\/\">d\u00e9couvrir plus \u2192<\/a><\/p>\n<\/div><\/div>\n<\/div>\n\n\n\n<div class=\"wp-block-column is-layout-flow wp-block-column-is-layout-flow\" style=\"padding-top:0;padding-right:0;padding-bottom:0;padding-left:0\">\n<div class=\"wp-block-cover has-custom-content-position is-position-bottom-left\" style=\"padding-top:var(--wp--preset--spacing--small);padding-right:var(--wp--preset--spacing--x-small);padding-bottom:var(--wp--preset--spacing--small);padding-left:var(--wp--preset--spacing--x-small)\"><img decoding=\"async\" class=\"wp-block-cover__image-background wp-image-40 size-full\" alt=\"\" src=\"https:\/\/www.maisonboisetbio.fr\/wp-content\/uploads\/2025\/06\/1.png\" data-object-fit=\"cover\"\/><span aria-hidden=\"true\" class=\"wp-block-cover__background has-primary-background-color has-background-dim-70 has-background-dim\"><\/span><div class=\"wp-block-cover__inner-container is-layout-flow wp-block-cover-is-layout-flow\">\n<h3 class=\"wp-block-heading has-white-color has-text-color has-medium-font-size\" style=\"margin-top:0;margin-right:0;margin-bottom:0;margin-left:0\">Charpente<\/h3>\n\n\n\n<p class=\"has-secondary-color has-text-color has-link-color wp-elements-7294201260cac46dcd9ffb43783f8919\" style=\"margin-top:0;margin-right:0;margin-bottom:0;margin-left:0\"><a href=\"https:\/\/www.maisonboisetbio.fr\/index.php\/nos-metiers\/\" data-type=\"page\" data-id=\"67\">d\u00e9couvrir plus \u2192<\/a><\/p>\n<\/div><\/div>\n<\/div>\n<\/div>\n\n\n\n<div style=\"height:103px\" aria-hidden=\"true\" class=\"wp-block-spacer\"><\/div>\n<\/div>\n\n\n\n<div class=\"wp-block-group alignfull has-global-padding is-layout-constrained wp-block-group-is-layout-constrained\">\n<div class=\"wp-block-group has-global-padding is-layout-constrained wp-block-group-is-layout-constrained\" style=\"padding-top:var(--wp--preset--spacing--small);padding-bottom:var(--wp--preset--spacing--small)\">\n<div style=\"height:30px\" aria-hidden=\"true\" class=\"wp-block-spacer\"><\/div>\n\n\n\n<div class=\"wp-block-columns is-layout-flex wp-container-core-columns-is-layout-c375d253 wp-block-columns-is-layout-flex\">\n<div class=\"wp-block-column is-vertically-aligned-center is-layout-flow wp-block-column-is-layout-flow\">\n<h2 class=\"wp-block-heading has-medium-font-size\" id=\"aproposdenous-title\" style=\"text-transform:uppercase\">A PROPOS DE NOUS<\/h2>\n\n\n\n<p class=\"has-text-color has-link-color wp-elements-9d928f1b2508041c8035e36ee81a822b\" style=\"color:#49422a\">Fond\u00e9e en 2023, <strong>MAISON BOIS &amp; BIO<\/strong> est une entreprise artisanale sp\u00e9cialis\u00e9e dans l\u2019isolation biosourc\u00e9e et les constructions \u00e0 ossature bois, implant\u00e9e dans la r\u00e9gion de Royan (17) et ses environs.<\/p>\n\n\n\n<div class=\"wp-block-buttons is-horizontal is-content-justification-left is-layout-flex wp-container-core-buttons-is-layout-20be11b6 wp-block-buttons-is-layout-flex\">\n<div class=\"wp-block-button is-style-outline is-style-outline--3\"><a class=\"wp-block-button__link wp-element-button\" href=\"https:\/\/www.maisonboisetbio.fr\/index.php\/nos-metiers\/\" style=\"border-radius:0px\">A PROPOS<\/a><\/div>\n<\/div>\n\n\n\n<p><\/p>\n<\/div>\n\n\n\n<div class=\"wp-block-column is-layout-flow wp-block-column-is-layout-flow\">\n<figure class=\"wp-block-image size-full\"><img decoding=\"async\" src=\"https:\/\/www.maisonboisetbio.fr\/wp-content\/uploads\/2025\/06\/10.png\" alt=\"\" class=\"wp-image-49\"\/><\/figure>\n<\/div>\n<\/div>\n\n\n\n<div style=\"height:30px\" aria-hidden=\"true\" class=\"wp-block-spacer\"><\/div>\n<\/div>\n<\/div>\n\n\n\n<div class=\"wp-block-group alignfull has-background has-global-padding is-layout-constrained wp-block-group-is-layout-constrained\">\n<div class=\"wp-block-group has-global-padding is-layout-constrained wp-block-group-is-layout-constrained\" style=\"padding-top:var(--wp--preset--spacing--small);padding-bottom:var(--wp--preset--spacing--small)\">\n<div style=\"height:30px\" aria-hidden=\"true\" class=\"wp-block-spacer\"><\/div>\n\n\n\n<div class=\"wp-block-columns are-vertically-aligned-center is-layout-flex wp-container-core-columns-is-layout-c375d253 wp-block-columns-is-layout-flex\">\n<div class=\"wp-block-column is-vertically-aligned-center is-layout-flow wp-block-column-is-layout-flow\">\n<figure class=\"wp-block-image size-full\"><img decoding=\"async\" src=\"https:\/\/www.maisonboisetbio.fr\/wp-content\/uploads\/2025\/06\/19.png\" alt=\"\" class=\"wp-image-58\"\/><\/figure>\n<\/div>\n\n\n\n<div class=\"wp-block-column is-vertically-aligned-center is-layout-flow wp-block-column-is-layout-flow\">\n<h2 class=\"wp-block-heading has-medium-font-size\" style=\"text-transform:uppercase\">NOS M\u00c9TIERS<\/h2>\n\n\n\n<p class=\"has-text-color has-link-color wp-elements-8fd937c47e578e26cd62d39205fceb4b\" style=\"color:#49422a\">Charpente, construction bois, isolation biosourc\u00e9e &#8230; Nous mettons notre savoir-faire au service d\u2019un habitat plus respectueux de l\u2019environnement et du confort de vie.<\/p>\n\n\n\n<div class=\"wp-block-buttons is-layout-flex wp-block-buttons-is-layout-flex\">\n<div class=\"wp-block-button is-style-outline is-style-outline--4\"><a class=\"wp-block-button__link wp-element-button\" href=\"https:\/\/www.maisonboisetbio.fr\/nos-metiers\" style=\"border-radius:0px\">NOS M\u00c9TIERS<\/a><\/div>\n<\/div>\n<\/div>\n<\/div>\n\n\n\n<div style=\"height:30px\" aria-hidden=\"true\" class=\"wp-block-spacer\"><\/div>\n<\/div>\n<\/div>\n\n\n\n<div class=\"wp-block-group alignfull portfolio-dark has-black-background-color has-background has-global-padding is-layout-constrained wp-block-group-is-layout-constrained\" id=\"portfolio\" style=\"margin-top:0px\">\n<div style=\"height:122px\" aria-hidden=\"true\" class=\"wp-block-spacer\"><\/div>\n\n\n\n<p class=\"has-text-align-left has-text-color\" style=\"color:#e6c997;letter-spacing:1px\">REPORTAGES PHOTO<\/p>\n\n\n\n<h2 class=\"wp-block-heading has-text-align-left has-white-color has-text-color has-large-font-size\">Nos r\u00e9alisations<\/h2>\n\n\n\n<div style=\"height:44px\" aria-hidden=\"true\" class=\"wp-block-spacer\"><\/div>\n\n\n<div class=\"wpzoom-blocks wpzoom-blocks_portfolio-block wpzoom-portfolio-block-69f0b13cb6be9 use-lightbox alignfull layout-grid columns-3 post_type-portfolio_item ajax-load-items wp-block-wpzoom-blocks-portfolio\" data-offset=\"6\" data-load-more='{\"categories\":[],\"class\":\"wpzoom-blocks_portfolio-block\",\"layout\":\"grid\",\"lightbox\":true,\"lightbox_caption\":false,\"order\":\"desc\",\"order_by\":\"menu_order date\",\"per_page\":6,\"read_more_label\":\"Read More\",\"show_author\":true,\"show_background_video\":true,\"show_date\":true,\"show_excerpt\":true,\"show_read_more\":true,\"show_thumbnail\":true,\"show_title\":false,\"source\":\"portfolio_item\",\"thumbnail_size\":\"portfolio_item-thumbnail\",\"total\":0}'><div class=\"wpzoom-blocks wpzoom-blocks_portfolio-block_filter\"><ul><\/ul><\/div><ul class=\"wpzoom-blocks wpzoom-blocks_portfolio-block_items-list\"><li class=\"wpzoom-blocks wpzoom-blocks_portfolio-block_no-portfolio-items\">No portfolio items.<\/li><li class=\"wpzoom-preloader-container\"><div class=\"wpzoom-portfolio-preloader\"><svg  width=\"75\" version=\"1.1\" id=\"L4\" xmlns=\"http:\/\/www.w3.org\/2000\/svg\" xmlns:xlink=\"http:\/\/www.w3.org\/1999\/xlink\" x=\"0px\" y=\"0px\" viewBox=\"0 0 100 100\" enable-background=\"new 0 0 0 0\" xml:space=\"preserve\">\n\t\t  <circle fill=\"#000\" stroke=\"none\" cx=\"6\" cy=\"50\" r=\"6\"><animate attributeName=\"opacity\" dur=\"1s\" values=\"0;1;0\" repeatCount=\"indefinite\" begin=\"0.1\"\/><\/circle>\n\t\t  <circle fill=\"#000\" stroke=\"none\" cx=\"26\" cy=\"50\" r=\"6\"><animate attributeName=\"opacity\" dur=\"1s\" values=\"0;1;0\" repeatCount=\"indefinite\" begin=\"0.2\"\/><\/circle>\n\t\t  <circle fill=\"#000\" stroke=\"none\" cx=\"46\" cy=\"50\" r=\"6\"><animate attributeName=\"opacity\" dur=\"1s\" values=\"0;1;0\" repeatCount=\"indefinite\" begin=\"0.3\"\/><\/circle>\n\t\t<\/svg><\/div><\/li><\/ul><\/div><!--.wpzoom-blocks wpzoom-blocks_portfolio-block--><style>.wpzoom-blocks_portfolio-block.wpzoom-portfolio-block-69f0b13cb6be9 {}.wpzoom-blocks_portfolio-block.wpzoom-portfolio-block-69f0b13cb6be9 { color:white}.wpzoom-blocks_portfolio-block.wpzoom-portfolio-block-69f0b13cb6be9 .wpzoom-blocks_portfolio-block_filter ul li a,\n\t\t\t.wpzoom-blocks_portfolio-block.wpzoom-portfolio-block-69f0b13cb6be9.layout-list .wpzoom-blocks_portfolio-block_items-list .wpzoom-blocks_portfolio-block_item .wpzoom-blocks_portfolio-block_item-title a {\n\t\t\t\tcolor:#000;\n\t\t\t}.wpzoom-blocks_portfolio-block.wpzoom-portfolio-block-69f0b13cb6be9 .wpzoom-blocks_portfolio-block_filter ul li a:hover,\n\t\t\t\t.wpzoom-blocks_portfolio-block.wpzoom-portfolio-block-69f0b13cb6be9 .wpzoom-blocks_portfolio-block_filter ul li.current-cat a:hover,\n\t\t\t\t.wpzoom-blocks_portfolio-.wpzoom-portfolio-block-69f0b13cb6be9.layout-list .wpzoom-blocks_portfolio-block_items-list .wpzoom-blocks_portfolio-block_item .wpzoom-blocks_portfolio-block_item-title a:hover {\n\t\t\t\t\tcolor:#0BB4AA;\n\t\t\t\t}.wpzoom-blocks_portfolio-block.wpzoom-portfolio-block-69f0b13cb6be9 .wpzoom-blocks_portfolio-block_filter ul li.current-cat a { color:#0BB4AA; }.wpzoom-blocks_portfolio-block.wpzoom-portfolio-block-69f0b13cb6be9 .wpzoom-blocks_portfolio-block_filter ul li a {font-weight: 400 !important;letter-spacing: 1px;}.wpzoom-blocks_portfolio-block.wpzoom-portfolio-block-69f0b13cb6be9 .wpzoom-blocks_portfolio-block_item-details .wpzoom-blocks_portfolio-block_item-title a {line-height: 1.2;font-weight: 500 !important;letter-spacing: 1px;}.wpzoom-blocks_portfolio-block.wpzoom-portfolio-block-69f0b13cb6be9 .wpz-portfolio-button__link {background: #0bb4aa !important;letter-spacing: 1px;border-style:solid;border-width:0px;}.wpzoom-blocks_portfolio-block.wpzoom-portfolio-block-69f0b13cb6be9 .wpz-portfolio-button__link:hover,\n                        .wpzoom-blocks_portfolio-block.wpzoom-portfolio-block-69f0b13cb6be9 .wpz-portfolio-button__link:focus,\n                        .wpzoom-blocks_portfolio-block.wpzoom-portfolio-block-69f0b13cb6be9 .wpz-portfolio-button__link:active { color:#101010 !important;background:#ffffff !important;}<\/style>\n\n\n<div style=\"height:50px\" aria-hidden=\"true\" class=\"wp-block-spacer\"><\/div>\n<\/div>\n\n\n\n<div id=\"team\" class=\"wp-block-group has-global-padding is-layout-constrained wp-block-group-is-layout-constrained\">\n<div class=\"wp-block-group is-layout-flow wp-block-group-is-layout-flow\">\n<div style=\"height:0px\" aria-hidden=\"true\" class=\"wp-block-spacer\"><\/div>\n\n\n\n<div style=\"height:63px\" aria-hidden=\"true\" class=\"wp-block-spacer\"><\/div>\n\n\n\n<div style=\"height:81px\" aria-hidden=\"true\" class=\"wp-block-spacer\"><\/div>\n<\/div>\n<\/div>\n\n\n\n<div class=\"wp-block-cover alignfull has-parallax is-position-center-center\" style=\"border-radius:0px\"><div class=\"wp-block-cover__image-background wp-image-24 size-large has-parallax\" style=\"background-position:50% 50%;background-image:url(https:\/\/www.maisonboisetbio.fr\/wp-content\/uploads\/2025\/06\/image-ble-1024x576.jpg)\"><\/div><span aria-hidden=\"true\" class=\"wp-block-cover__background has-black-background-color has-background-dim-40 has-background-dim\"><\/span><div class=\"wp-block-cover__inner-container is-layout-flow wp-block-cover-is-layout-flow\">\n<div class=\"wp-block-group has-global-padding is-layout-constrained wp-block-group-is-layout-constrained\">\n<h3 class=\"wp-block-heading has-text-align-center has-text-color has-medium-font-size\" style=\"color:#fffffa;text-transform:uppercase\">PR\u00caT A DEMARRER ?<\/h3>\n\n\n\n<p class=\"has-text-align-center has-white-color has-text-color\">Prenons le temps d&rsquo;un \u00e9change pour d\u00e9finir vos besoins et construire une proposition.<\/p>\n\n\n\n<div style=\"height:31px\" aria-hidden=\"true\" class=\"wp-block-spacer\"><\/div>\n\n\n\n<div class=\"wp-block-buttons is-horizontal is-content-justification-center is-layout-flex wp-container-core-buttons-is-layout-03627597 wp-block-buttons-is-layout-flex\">\n<div class=\"wp-block-button is-style-outline is-style-outline--5\"><a class=\"wp-block-button__link has-white-color has-text-color wp-element-button\" href=\"https:\/\/www.maisonboisetbio.fr\/contact\" style=\"border-radius:0px\">CONTACTEZ-NOUS<\/a><\/div>\n<\/div>\n<\/div>\n<\/div><\/div>\n\n\n\n<div style=\"height:28px\" aria-hidden=\"true\" class=\"wp-block-spacer\"><\/div>\n\n\n\n<div id=\"news\" class=\"wp-block-group has-global-padding is-layout-constrained wp-block-group-is-layout-constrained\">\n<p class=\"has-text-align-left has-text-color\" style=\"color:#668018\">NOS PUBLICATIONS \/ VOS PROJETS<\/p>\n\n\n\n<h2 class=\"wp-block-heading has-text-align-left\">Derniers articles<\/h2>\n\n\n\n<div style=\"height:33px\" aria-hidden=\"true\" class=\"wp-block-spacer\"><\/div>\n\n\n\n<div class=\"wp-block-query is-layout-flow wp-block-query-is-layout-flow\"><ul class=\"columns-3 wp-block-post-template is-layout-grid wp-container-core-post-template-is-layout-6aac66c0 wp-block-post-template-is-layout-grid\"><li class=\"wp-block-post post-169 post type-post status-publish format-standard has-post-thumbnail hentry category-uncategorized tag-chanvre tag-chaux tag-enduits-naturels tag-neuf tag-renovation tag-revetements\">\n<figure style=\"width:100%;height:240px; margin-bottom:var(--wp--preset--spacing--x-small);\" class=\"wp-block-post-featured-image\"><a href=\"https:\/\/www.maisonboisetbio.fr\/index.php\/2025\/06\/09\/hello-world-2\/\" target=\"_self\"  style=\"height:240px\"><img loading=\"lazy\" decoding=\"async\" width=\"600\" height=\"600\" src=\"https:\/\/www.maisonboisetbio.fr\/wp-content\/uploads\/2025\/06\/8-1-600x600-1.png\" class=\"attachment-post-thumbnail size-post-thumbnail wp-post-image\" alt=\"Le rev\u00eatement chaux-chanvre int\u00e9rieur : une solution saine et naturelle pour vos murs\" style=\"border-radius:5px;height:240px;object-fit:cover;\" srcset=\"https:\/\/www.maisonboisetbio.fr\/wp-content\/uploads\/2025\/06\/8-1-600x600-1.png 600w, https:\/\/www.maisonboisetbio.fr\/wp-content\/uploads\/2025\/06\/8-1-600x600-1-300x300.png 300w, https:\/\/www.maisonboisetbio.fr\/wp-content\/uploads\/2025\/06\/8-1-600x600-1-150x150.png 150w\" sizes=\"auto, 100vw\" \/><\/a><\/figure>\n\n<div style=\"margin-top:0;margin-bottom:0;\" class=\"has-link-color wp-elements-81b22c36d1d8b884fcf13a99846b36c3 wp-block-post-date has-text-color has-tertiary-color\"><time datetime=\"2025-06-09T10:07:47+00:00\">juin 9, 2025<\/time><\/div>\n\n<h3 style=\"margin-top:0;margin-bottom:var(--wp--preset--spacing--x-small);\" class=\"has-link-color wp-elements-2e75b4e4fab489cf445e03eda13279d1 wp-block-post-title\"><a href=\"https:\/\/www.maisonboisetbio.fr\/index.php\/2025\/06\/09\/hello-world-2\/\" target=\"_self\" >Le rev\u00eatement chaux-chanvre int\u00e9rieur : une solution saine et naturelle pour vos murs<\/a><\/h3>\n\n<div class=\"has-link-color wp-elements-61eeeb1d6c31f3761cb8bc35b6e1a095 wp-block-post-excerpt has-text-color has-tertiary-color\"><p class=\"wp-block-post-excerpt__excerpt\">Dans un contexte o\u00f9 l\u2019on recherche des mat\u00e9riaux durables, respirants et respectueux de l\u2019environnement, le chaux-chanvre s\u2019impose comme une alternative naturelle id\u00e9ale pour les rev\u00eatements muraux int\u00e9rieurs. Alliant tradition et modernit\u00e9, ce m\u00e9lange s\u00e9duit autant par ses propri\u00e9t\u00e9s\u2026 <\/p><\/div>\n\n<a style=\"text-transform:uppercase; border-width:2px; padding-right:var(--wp--preset--spacing--x-small);padding-left:var(--wp--preset--spacing--x-small);padding-top:10px;padding-bottom:10px;\" class=\"wp-block-read-more has-text-color has-foreground-color\" href=\"https:\/\/www.maisonboisetbio.fr\/index.php\/2025\/06\/09\/hello-world-2\/\" target=\"_self\">Lire la suite<span class=\"screen-reader-text\">\u00a0: Le rev\u00eatement chaux-chanvre int\u00e9rieur : une solution saine et naturelle pour vos murs<\/span><\/a>\n<\/li><\/ul>\n\n<\/div>\n\n\n\n<div style=\"height:85px\" aria-hidden=\"true\" class=\"wp-block-spacer\"><\/div>\n<\/div>\n","protected":false},"excerpt":{"rendered":"<p>Votre artisan charpente et isolation sur Royan et ses environs MAISON BOIS &amp; BIO est une entreprise artisanale sp\u00e9cialis\u00e9e dans l\u2019isolation biosourc\u00e9e et les constructions \u00e0 ossature bois, implant\u00e9e dans la r\u00e9gion de Royan (17) et ses environs. Chez MAISON BOIS &amp; BIO, l\u2019\u00e9coconception n\u2019est pas une tendance, c\u2019est un engagement. TRAVAILLONS ENSEMBLE Nos prestations &hellip; <\/p>\n<p class=\"link-more\"><a href=\"https:\/\/www.maisonboisetbio.fr\/\" class=\"more-link\">Lire la suite de<span class=\"screen-reader-text\">\u00ab\u00a0Homepage\u00a0\u00bb<\/span><\/a><\/p>\n","protected":false},"author":1,"featured_media":0,"parent":0,"menu_order":0,"comment_status":"closed","ping_status":"closed","template":"page-templates\/homepage-builder-bb.php","meta":{"footnotes":""},"class_list":["post-172","page","type-page","status-publish","hentry"],"featured_media_urls":[],"_links":{"self":[{"href":"https:\/\/www.maisonboisetbio.fr\/index.php\/wp-json\/wp\/v2\/pages\/172","targetHints":{"allow":["GET"]}}],"collection":[{"href":"https:\/\/www.maisonboisetbio.fr\/index.php\/wp-json\/wp\/v2\/pages"}],"about":[{"href":"https:\/\/www.maisonboisetbio.fr\/index.php\/wp-json\/wp\/v2\/types\/page"}],"author":[{"embeddable":true,"href":"https:\/\/www.maisonboisetbio.fr\/index.php\/wp-json\/wp\/v2\/users\/1"}],"replies":[{"embeddable":true,"href":"https:\/\/www.maisonboisetbio.fr\/index.php\/wp-json\/wp\/v2\/comments?post=172"}],"version-history":[{"count":2,"href":"https:\/\/www.maisonboisetbio.fr\/index.php\/wp-json\/wp\/v2\/pages\/172\/revisions"}],"predecessor-version":[{"id":231,"href":"https:\/\/www.maisonboisetbio.fr\/index.php\/wp-json\/wp\/v2\/pages\/172\/revisions\/231"}],"wp:attachment":[{"href":"https:\/\/www.maisonboisetbio.fr\/index.php\/wp-json\/wp\/v2\/media?parent=172"}],"curies":[{"name":"wp","href":"https:\/\/api.w.org\/{rel}","templated":true}]}}