{"id":173,"date":"2025-06-09T15:46:47","date_gmt":"2025-06-09T15:46:47","guid":{"rendered":"http:\/\/maison-boisbio.local\/?page_id=8"},"modified":"2026-01-14T16:59:37","modified_gmt":"2026-01-14T16:59:37","slug":"about","status":"publish","type":"page","link":"https:\/\/www.maisonboisetbio.fr\/index.php\/about\/","title":{"rendered":"Qui sommes-nous ?"},"content":{"rendered":"\n<h2 class=\"wp-block-heading has-large-font-size\" id=\"inspiro-is-a-digital-product-agency-that-focuses-on-strategy-and-design\" style=\"font-style:normal;font-weight:100\"><strong>B\u00e2tir avec conscience et savoir-faire, dans le respect des Hommes et du vivant.<\/strong><\/h2>\n\n\n\n<div style=\"height:51px\" aria-hidden=\"true\" class=\"wp-block-spacer\"><\/div>\n\n\n\n<p>Fond\u00e9e en 2023, <strong>MAISON BOIS &amp; BIO<\/strong> est une entreprise artisanale sp\u00e9cialis\u00e9e dans l\u2019isolation biosourc\u00e9e et les constructions \u00e0 ossature bois, implant\u00e9e dans la r\u00e9gion de Royan (17) et ses environs.<\/p>\n\n\n\n<p>Son fondateur, <strong>Floran Meynard<\/strong>, est un ancien ing\u00e9nieur en mat\u00e9riaux ayant exerc\u00e9 pendant pr\u00e8s de 15 ans comme cadre dans le secteur de l\u2019a\u00e9ronautique fran\u00e7aise. Anim\u00e9 par un profond d\u00e9sir de reconversion vers un m\u00e9tier porteur de sens, il s\u2019est form\u00e9 au sein des <strong>Compagnons du Devoir de La Rochelle<\/strong>, tant au m\u00e9tier de charpentier qu\u2019\u00e0 celui de constructeur bois.<\/p>\n\n\n\n<p><strong>Passionn\u00e9 par les mat\u00e9riaux naturels et durables<\/strong>, il s\u2019int\u00e9resse depuis de nombreuses ann\u00e9es aux performances et aux sp\u00e9cificit\u00e9s des isolants biosourc\u00e9s : r\u00e9sistance thermique, densit\u00e9, capacit\u00e9 thermique, d\u00e9phasage, faible impact environnemental\u2026 Autant de qualit\u00e9s qu\u2019il veille \u00e0 valoriser par une mise en \u0153uvre rigoureuse et respectueuse des mat\u00e9riaux.<\/p>\n\n\n\n<p>Chez MAISON BOIS &amp; BIO, <strong>l\u2019\u00e9coconception n\u2019est pas une tendance, c\u2019est un engagement<\/strong> : b\u00e2tir avec conscience, en conjuguant savoir-faire artisanal et respect du vivant.<\/p>\n\n\n\n<div class=\"wp-block-columns alignwide is-layout-flex wp-container-core-columns-is-layout-28f84493 wp-block-columns-is-layout-flex\">\n<div class=\"wp-block-column is-layout-flow wp-block-column-is-layout-flow\">\n<figure class=\"wp-block-image size-full\"><img decoding=\"async\" src=\"https:\/\/www.maisonboisetbio.fr\/wp-content\/uploads\/2025\/06\/5.png\" alt=\"\" class=\"wp-image-44\"\/><\/figure>\n\n\n\n<p class=\"has-black-color has-text-color has-medium-font-size\"><a href=\"https:\/\/www.maisonboisetbio.fr\/index.php\/about\/\" data-type=\"page\" data-id=\"173\">Notre engagement<\/a><\/p>\n\n\n\n<p class=\"has-text-color\" style=\"color:#49422a\">Chez MAISON BOIS &amp; BIO, nous pla\u00e7ons l\u2019\u00e9coconception au c\u0153ur de notre d\u00e9marche. Notre priorit\u00e9 : construire durablement, avec des mat\u00e9riaux sains, locaux et \u00e0 faible impact environnemental.<\/p>\n<\/div>\n\n\n\n<div class=\"wp-block-column is-layout-flow wp-block-column-is-layout-flow\">\n<figure class=\"wp-block-image size-full\"><img decoding=\"async\" src=\"https:\/\/www.maisonboisetbio.fr\/wp-content\/uploads\/2025\/06\/2.png\" alt=\"\" class=\"wp-image-41\"\/><\/figure>\n\n\n\n<p class=\"has-black-color has-text-color has-medium-font-size\"><a href=\"https:\/\/www.maisonboisetbio.fr\/index.php\/nos-metiers\/\" data-type=\"page\" data-id=\"67\">Nos m\u00e9tiers<\/a><\/p>\n\n\n\n<p class=\"has-text-color\" style=\"color:#49422a\">Charpentier, constructeur bois et sp\u00e9cialiste de l\u2019isolation biosourc\u00e9e, nous mettons notre savoir-faire au service d\u2019un habitat plus respectueux de l\u2019environnement et du confort de vie.<\/p>\n<\/div>\n\n\n\n<div class=\"wp-block-column is-layout-flow wp-block-column-is-layout-flow\">\n<figure class=\"wp-block-image size-full\"><img decoding=\"async\" src=\"https:\/\/www.maisonboisetbio.fr\/wp-content\/uploads\/2025\/06\/14.png\" alt=\"\" class=\"wp-image-53\"\/><\/figure>\n\n\n\n<p class=\"has-black-color has-text-color has-medium-font-size\"><a href=\"https:\/\/www.maisonboisetbio.fr\/index.php\/nos-metiers\/\" data-type=\"page\" data-id=\"67\">Nos prestations<\/a><\/p>\n\n\n\n<p class=\"has-text-color\" style=\"color:#49422a\">De l\u2019ossature bois \u00e0 l\u2019isolation naturelle, en passant par les extensions ou les r\u00e9novations \u00e9cologiques, nous vous accompagnons dans tous vos projets de construction responsable.<\/p>\n<\/div>\n<\/div>\n\n\n\n<div style=\"height:100px\" aria-hidden=\"true\" class=\"wp-block-spacer\"><\/div>\n\n\n\n<p><\/p>\n","protected":false},"excerpt":{"rendered":"<p>B\u00e2tir avec conscience et savoir-faire, dans le respect des Hommes et du vivant. Fond\u00e9e en 2023, MAISON BOIS &amp; BIO est une entreprise artisanale sp\u00e9cialis\u00e9e dans l\u2019isolation biosourc\u00e9e et les constructions \u00e0 ossature bois, implant\u00e9e dans la r\u00e9gion de Royan (17) et ses environs. Son fondateur, Floran Meynard, est un ancien ing\u00e9nieur en mat\u00e9riaux ayant &hellip; <\/p>\n<p class=\"link-more\"><a href=\"https:\/\/www.maisonboisetbio.fr\/index.php\/about\/\" class=\"more-link\">Lire la suite de<span class=\"screen-reader-text\">\u00ab\u00a0Qui sommes-nous ?\u00a0\u00bb<\/span><\/a><\/p>\n","protected":false},"author":1,"featured_media":216,"parent":0,"menu_order":0,"comment_status":"closed","ping_status":"closed","template":"","meta":{"footnotes":""},"class_list":["post-173","page","type-page","status-publish","has-post-thumbnail","hentry"],"featured_media_urls":{"thumbnail":["https:\/\/www.maisonboisetbio.fr\/wp-content\/uploads\/2025\/12\/image-ble-950x320-1-150x150.jpg",150,150,true],"medium":["https:\/\/www.maisonboisetbio.fr\/wp-content\/uploads\/2025\/12\/image-ble-950x320-1-300x101.jpg",300,101,true],"medium_large":["https:\/\/www.maisonboisetbio.fr\/wp-content\/uploads\/2025\/12\/image-ble-950x320-1.jpg",768,259,false],"large":["https:\/\/www.maisonboisetbio.fr\/wp-content\/uploads\/2025\/12\/image-ble-950x320-1.jpg",950,320,false],"1536x1536":["https:\/\/www.maisonboisetbio.fr\/wp-content\/uploads\/2025\/12\/image-ble-950x320-1.jpg",950,320,false],"2048x2048":["https:\/\/www.maisonboisetbio.fr\/wp-content\/uploads\/2025\/12\/image-ble-950x320-1.jpg",950,320,false],"inspiro-featured-image":["https:\/\/www.maisonboisetbio.fr\/wp-content\/uploads\/2025\/12\/image-ble-950x320-1.jpg",950,320,false],"inspiro-loop":["https:\/\/www.maisonboisetbio.fr\/wp-content\/uploads\/2025\/12\/image-ble-950x320-1-950x320.jpg",950,320,true],"inspiro-loop@2x":["https:\/\/www.maisonboisetbio.fr\/wp-content\/uploads\/2025\/12\/image-ble-950x320-1.jpg",950,320,false],"portfolio_item-thumbnail":["https:\/\/www.maisonboisetbio.fr\/wp-content\/uploads\/2025\/12\/image-ble-950x320-1-600x320.jpg",600,320,true],"portfolio_item-thumbnail@2x":["https:\/\/www.maisonboisetbio.fr\/wp-content\/uploads\/2025\/12\/image-ble-950x320-1.jpg",950,320,false],"portfolio_item-masonry":["https:\/\/www.maisonboisetbio.fr\/wp-content\/uploads\/2025\/12\/image-ble-950x320-1-600x202.jpg",600,202,true],"portfolio_item-masonry@2x":["https:\/\/www.maisonboisetbio.fr\/wp-content\/uploads\/2025\/12\/image-ble-950x320-1.jpg",950,320,false],"portfolio_item-thumbnail_cinema":["https:\/\/www.maisonboisetbio.fr\/wp-content\/uploads\/2025\/12\/image-ble-950x320-1-800x320.jpg",800,320,true],"portfolio_item-thumbnail_portrait":["https:\/\/www.maisonboisetbio.fr\/wp-content\/uploads\/2025\/12\/image-ble-950x320-1-600x320.jpg",600,320,true],"portfolio_item-thumbnail_portrait@2x":["https:\/\/www.maisonboisetbio.fr\/wp-content\/uploads\/2025\/12\/image-ble-950x320-1.jpg",950,320,false],"portfolio_item-thumbnail_square":["https:\/\/www.maisonboisetbio.fr\/wp-content\/uploads\/2025\/12\/image-ble-950x320-1-800x320.jpg",800,320,true]},"_links":{"self":[{"href":"https:\/\/www.maisonboisetbio.fr\/index.php\/wp-json\/wp\/v2\/pages\/173","targetHints":{"allow":["GET"]}}],"collection":[{"href":"https:\/\/www.maisonboisetbio.fr\/index.php\/wp-json\/wp\/v2\/pages"}],"about":[{"href":"https:\/\/www.maisonboisetbio.fr\/index.php\/wp-json\/wp\/v2\/types\/page"}],"author":[{"embeddable":true,"href":"https:\/\/www.maisonboisetbio.fr\/index.php\/wp-json\/wp\/v2\/users\/1"}],"replies":[{"embeddable":true,"href":"https:\/\/www.maisonboisetbio.fr\/index.php\/wp-json\/wp\/v2\/comments?post=173"}],"version-history":[{"count":2,"href":"https:\/\/www.maisonboisetbio.fr\/index.php\/wp-json\/wp\/v2\/pages\/173\/revisions"}],"predecessor-version":[{"id":235,"href":"https:\/\/www.maisonboisetbio.fr\/index.php\/wp-json\/wp\/v2\/pages\/173\/revisions\/235"}],"wp:featuredmedia":[{"embeddable":true,"href":"https:\/\/www.maisonboisetbio.fr\/index.php\/wp-json\/wp\/v2\/media\/216"}],"wp:attachment":[{"href":"https:\/\/www.maisonboisetbio.fr\/index.php\/wp-json\/wp\/v2\/media?parent=173"}],"curies":[{"name":"wp","href":"https:\/\/api.w.org\/{rel}","templated":true}]}}